{"id":509,"date":"2021-01-15T21:56:49","date_gmt":"2021-01-15T21:56:49","guid":{"rendered":"https:\/\/apmdemosweb.com.es\/bermeon\/aviso-legal\/"},"modified":"2021-02-25T16:12:14","modified_gmt":"2021-02-25T16:12:14","slug":"aviso-legal","status":"publish","type":"page","link":"https:\/\/bermeon-berton.com\/es\/aviso-legal\/","title":{"rendered":"Aviso legal"},"content":{"rendered":"\n<p><strong><u>AVISO LEGAL<\/u><\/strong><\/p>\n\n\n\n<p>Como usuario,&nbsp;es importante que conozcas estos t\u00e9rminos antes de continuar tu navegaci\u00f3n.<\/p>\n\n\n\n<p>La Asociaci\u00f3n de Pymes de Bermeo como responsable de esta web, se compromete a procesar la informaci\u00f3n de mis usuarios y clientes con plenas garant\u00edas y cumplir con los requisitos nacionales y europeos que regulan la recopilaci\u00f3n y uso de los datos personales de mis usuarios.<\/p>\n\n\n\n<p>Esta web, por tanto, cumple rigurosamente con La Ley Org\u00e1nica 15\/1999, de 13 de diciembre, de Protecci\u00f3n de Datos de Car\u00e1cter Personal (LOPD), y con el Real Decreto 1720\/2007, de 21 de diciembre, conocido como el Reglamento de desarrollo de la LOPD. Cumple tambi\u00e9n con el Reglamento (UE) 2016\/679 del Parlamento Europeo y del Consejo de 27 de abril de 2016 relativo a la protecci\u00f3n de las personas f\u00edsicas (RGPD), as\u00ed como con la Ley 34\/2002, de 11 de julio, de Servicios de la Sociedad de la Informaci\u00f3n y Comercio Electr\u00f3nico (LSSICE \u00f3 LSSI).<\/p>\n\n\n\n<p>Datos del Responsable<\/p>\n\n\n\n<ul class=\"wp-block-list\"><li><strong>Identidad del Responsable: <\/strong>La Asociaci\u00f3n de Pymes de Bermeo<\/li><li><strong>Nombre comercial:&nbsp;<\/strong>Asociaci\u00f3n de Pymes de Bermeo, BERTON<\/li><li><strong>NIF\/CIF:&nbsp;<\/strong>G-48784482<\/li><li><strong>Direcci\u00f3n:&nbsp;<\/strong> Zubiaur tar kepa 26 \u2013 1 (Udal azoka) Bermeo (Bizkaia)<\/li><li><strong>Correo electr\u00f3nico:&nbsp;berton.<\/strong>bermeo@gmail.com<\/li><\/ul>\n\n\n\n<p><strong>CONDICIONES GENERALES DE USO<\/strong><\/p>\n\n\n\n<p>Las presentes Condiciones Generales regulan el uso (incluyendo el mero acceso) de las p\u00e1ginas web, integrantes del sitio web de bermeon-berton.com, incluidos los contenidos y servicios puestos a disposici\u00f3n en ellas. Toda persona que acceda a la web, bermeon-berton.com (\u201c<strong>usuario<\/strong>\u201d) acepta someterse a las Condiciones Generales vigentes en cada momento del portal&nbsp;http:\/\/www.bermeon-berton.com\/<\/p>\n\n\n\n<p><strong>DATOS PERSONALES QUE RECOPILO Y C\u00d3MO LO HAGO<\/strong><\/p>\n\n\n\n<p>Leer&nbsp;<a href=\"https:\/\/basauricomerciantes.com\/politica-privacidad\/\">Pol\u00edtica de Privacidad<\/a>. (Cambiar el nombre del link que sale) (m\u00e1s abajo te env\u00edo el texto de pol\u00edtica de privacidad)<\/p>\n\n\n\n<p><strong>COMPROMISOS Y OBLIGACIONES DE LOS USUARIOS<\/strong><\/p>\n\n\n\n<p>Queda prohibido el uso de la web, con fines il\u00edcitos o lesivos, o que, de cualquier forma, puedan causar perjuicio o impedir el normal funcionamiento del sitio web. Respecto de los contenidos de esta web, se proh\u00edbe:<\/p>\n\n\n\n<ul class=\"wp-block-list\"><li>Su reproducci\u00f3n, distribuci\u00f3n o modificaci\u00f3n, total o parcial, a menos que se cuente con mi autorizaci\u00f3n como leg\u00edtimo titular;<\/li><li>Cualquier vulneraci\u00f3n de los derechos del prestador o de m\u00ed como leg\u00edtimo titular;<\/li><li>Su utilizaci\u00f3n para fines comerciales o publicitarios.<\/li><\/ul>\n\n\n\n<p>En la utilizaci\u00f3n de la web, bermeon-berton.com el usuario se compromete a no llevar a cabo&nbsp;<strong>ninguna conducta<\/strong>&nbsp;que pueda da\u00f1ar la imagen, los intereses y los derechos de<\/p>\n\n\n\n<p>bermeon-berton.com o de terceros o que pueda da\u00f1ar, inutilizar o sobrecargar el portal<\/p>\n\n\n\n<p>bermeon-berton.com o que impida, de cualquier forma, la normal utilizaci\u00f3n de la web.<\/p>\n\n\n\n<p>No obstante, el usuario debe ser consciente de que las medidas de seguridad de los sistemas inform\u00e1ticos en Internet no son enteramente fiables y que, por tanto, bermeon-berton.com no puede garantizar la inexistencia de malware u otros elementos que puedan producir alteraciones en los sistemas inform\u00e1ticos (software y hardware) del usuario o en sus documentos electr\u00f3nicos y ficheros contenidos en los mismos, aunque ponga todos los medios necesarios y las medidas de seguridad oportunas para evitar la presencia de estos elementos da\u00f1inos.<\/p>\n\n\n\n<p><strong>ANUNCIOS PATROCINADOS Y PUBLICIDAD<\/strong><\/p>\n\n\n\n<p>Esta web no ofrece a los usuarios contenidos patrocinados y anuncios<\/p>\n\n\n\n<p><strong>MEDIDAS DE SEGURIDAD<\/strong><\/p>\n\n\n\n<p>Los datos personales comunicados por el usuario a bermeon-berton.com pueden ser almacenados en bases de datos automatizadas o no, cuya titularidad corresponde en exclusiva a La Asociaci\u00f3n de Pymes de Bermeo, asumiendo \u00e9sta todas las medidas de \u00edndole t\u00e9cnica, organizativa y de seguridad que garantizan la confidencialidad, integridad y calidad de la informaci\u00f3n contenida en las mismas de acuerdo con lo establecido en la normativa vigente en protecci\u00f3n de datos.<\/p>\n\n\n\n<p>La comunicaci\u00f3n entre los usuarios y bermeon-berton.com utiliza un canal seguro y los datos transmitidos son cifrados gracias a protocolos a https, por tanto, garantizo las mejores &nbsp;condiciones de seguridad para que la confidencialidad de los usuarios est\u00e9 salvaguardada.<\/p>\n\n\n\n<p><strong>RECLAMACIONES<\/strong><\/p>\n\n\n\n<p>bermeon-berton.com informa que existen hojas de reclamaci\u00f3n a disposici\u00f3n de usuarios y clientes.<\/p>\n\n\n\n<p>El usuario podr\u00e1 realizar reclamaciones solicitando su hoja de reclamaci\u00f3n &nbsp;&nbsp;o remitiendo un correo electr\u00f3nico a berton.bermeo@gmail.com&nbsp;<a href=\"https:\/\/ozkarri.com\/aviso-legal\/igor@ozkarri.com%C2%A0\">&nbsp;<\/a>indicando su nombre y apellidos, el producto\/servicio adquirido y exponiendo los motivos de su reclamaci\u00f3n.<\/p>\n\n\n\n<p>El usuario\/comprador podr\u00e1 notificarme la reclamaci\u00f3n, bien a trav\u00e9s de correo electr\u00f3nico a:&nbsp;<a href=\"mailto:berton.bermeo@gmail.com\">berton.bermeo@gmail.com<\/a>&nbsp;o bien por correo postal dirigido a: Zubiaur tar kepa 26 &#8211; 1 (Udal azoka), 48370 Bermeo (Bizkaia), si lo desea, mediante el siguiente formulario de reclamaci\u00f3n:<\/p>\n\n\n\n<p>A la atenci\u00f3n de: La Asociaci\u00f3n de Pymes de Bermeo<br>Zubiaur tar kepa 26 &#8211; 1 (Udal azoka), 48370 Bermeo (Bizkaia)<br>E-mail: berton.bermeo@gmail.com<\/p>\n\n\n\n<p>Nombre del usuario:<br>Email del usuario:<br>Fecha:<br>Motivo de la reclamaci\u00f3n:<\/p>\n\n\n\n<p><strong>PLATAFORMA DE RESOLUCI\u00d3N DE CONFLICTOS<\/strong><\/p>\n\n\n\n<p>Pongo tambi\u00e9n a disposici\u00f3n de los usuarios la plataforma de resoluci\u00f3n de litigios que facilita la Comisi\u00f3n Europea y que se encuentra disponible en el siguiente enlace:<a href=\"http:\/\/ec.europa.eu\/consumers\/odr\/\">&nbsp;http:\/\/ec.europa.eu\/consumers\/odr\/<\/a><\/p>\n\n\n\n<p><strong>DERECHOS DE PROPIEDAD INTELECTUAL E INDUSTRIAL<\/strong><\/p>\n\n\n\n<p>En virtud de lo dispuesto en los art\u00edculos 8 y 32.1, p\u00e1rrafo segundo, de la Ley de Propiedad Intelectual, quedan expresamente prohibidas la reproducci\u00f3n, la distribuci\u00f3n y la comunicaci\u00f3n p\u00fablica, incluida su modalidad de puesta a disposici\u00f3n, de la totalidad o parte de los contenidos de esta p\u00e1gina web, con fines comerciales, en cualquier soporte y por cualquier medio t\u00e9cnico, sin la autorizaci\u00f3n de bermeon-berton.com. El usuario se compromete a respetar los derechos de Propiedad Intelectual e Industrial titularidad de La Asociaci\u00f3n de Pymes de Bermeo.<\/p>\n\n\n\n<p>El usuario conoce y acepta que la totalidad del sitio web, conteniendo sin car\u00e1cter exhaustivo el texto, software, contenidos (incluyendo estructura, selecci\u00f3n, ordenaci\u00f3n y presentaci\u00f3n de los mismos) podcast, fotograf\u00edas, material audiovisual y gr\u00e1ficos, est\u00e1 protegida por marcas, derechos de autor y otros derechos leg\u00edtimos, de acuerdo con los tratados internacionales en los que Espa\u00f1a es parte y otros derechos de propiedad y leyes de Espa\u00f1a.<\/p>\n\n\n\n<p>En el caso de que un usuario o un tercero consideren que se ha producido una violaci\u00f3n de sus leg\u00edtimos derechos de propiedad intelectual por la introducci\u00f3n de un determinado contenido en la web, deber\u00e1 notificar dicha circunstancia a bermeon-berton.com indicando:<\/p>\n\n\n\n<ul class=\"wp-block-list\"><li>Datos personales del interesado titular de los derechos presuntamente infringidos, o indicar la representaci\u00f3n con la que act\u00faa en caso de que la reclamaci\u00f3n la presente un tercero distinto del interesado.<\/li><li>Se\u00f1alar los contenidos protegidos por los derechos de propiedad intelectual y su ubicaci\u00f3n en la web, la acreditaci\u00f3n de los derechos de propiedad intelectual se\u00f1alados y la declaraci\u00f3n expresa en la que el interesado se responsabiliza de la veracidad de las informaciones facilitadas en la notificaci\u00f3n.<\/li><\/ul>\n\n\n\n<p><strong>ENLACES EXTERNOS<\/strong><\/p>\n\n\n\n<p>Las p\u00e1ginas de la web bermeon-berton.com proporciona enlaces a otros sitios web propios y contenidos que son propiedad de terceros tales como:<\/p>\n\n\n\n<ul class=\"wp-block-list\"><li>Contenido de otros blogs \/ Webs<\/li><\/ul>\n\n\n\n<p>El \u00fanico objeto de los enlaces es proporcionar al usuario la posibilidad de acceder a dichos enlaces. bermeon-berton.com no se responsabiliza en ning\u00fan caso de los resultados que puedan derivarse al usuario por acceso a dichos enlaces.<\/p>\n\n\n\n<p>Asimismo, el usuario encontrar\u00e1 dentro de este sitio, p\u00e1ginas, promociones, que acceden a los h\u00e1bitos de navegaci\u00f3n de los usuarios para establecer perfiles. Esta informaci\u00f3n siempre es an\u00f3nima y no identifica al usuario.<\/p>\n\n\n\n<p>La informaci\u00f3n que se proporcione en estos sitios patrocinados est\u00e1 sujeta a las pol\u00edticas de privacidad que se utilicen en dichos sitios y no estar\u00e1 sujeta a esta pol\u00edtica de privacidad.<\/p>\n\n\n\n<p>El usuario que se proponga establecer cualquier dispositivo t\u00e9cnico de enlace desde su sitio web al portal bermeon-berton.com deber\u00e1 obtener la autorizaci\u00f3n previa y escrita de La Asociaci\u00f3n de Pymes de Bermeo. El establecimiento del enlace no implica en ning\u00fan caso la existencia de relaciones entre bermeon-berton.com y el propietario del sitio en el que se establezca el enlace, ni la aceptaci\u00f3n o aprobaci\u00f3n por parte bermeon-berton.com de sus contenidos o servicios.<\/p>\n\n\n\n<p><strong>POL\u00cdTICA DE COMENTARIOS<\/strong><\/p>\n\n\n\n<p>En mi web no se permiten realizar comentarios.<\/p>\n\n\n\n<p><strong>EXCLUSI\u00d3N DE GARANT\u00cdAS Y RESPONSABLE<\/strong><\/p>\n\n\n\n<p>La Asociaci\u00f3n de Pymes de Bermeo (bermeon-berton.com) no otorga ninguna garant\u00eda ni se hace responsable, en ning\u00fan caso, de los da\u00f1os y perjuicios de cualquier naturaleza que pudieran traer causa de:<\/p>\n\n\n\n<ul class=\"wp-block-list\"><li>La falta de disponibilidad, mantenimiento y efectivo funcionamiento de la web&nbsp;o de sus servicios y contenidos;<\/li><li>La existencia de malware, programas maliciosos o lesivos en los contenidos;<\/li><li>El uso il\u00edcito, negligente, fraudulento o contrario a este Aviso Legal;<\/li><li>La falta de licitud, calidad, fiabilidad, utilidad y disponibilidad de los servicios prestados por terceros y puestos a disposici\u00f3n de los usuarios en el sitio web.<\/li><li>El prestador no se hace responsable bajo ning\u00fan concepto de los da\u00f1os que pudieran dimanar del uso ilegal o indebido de la presente p\u00e1gina web.<\/li><\/ul>\n\n\n\n<p>Ley aplicable y jurisdicci\u00f3n<\/p>\n\n\n\n<p>Con car\u00e1cter general las relaciones entre bermeon-berton.com con los usuarios de sus servicios telem\u00e1ticos, presentes en esta web se encuentran sometidas a la legislaci\u00f3n y jurisdicci\u00f3n espa\u00f1olas y a los tribunales de Bizkaia.<\/p>\n\n\n\n<p>Contacto<\/p>\n\n\n\n<p>En caso de que cualquier usuario tuviese alguna duda acerca de estas Condiciones legales o cualquier comentario sobre el portal, por favor dir\u00edjase a berton.bermeo@gmail.com<\/p>\n\n\n\n<p>El aviso legal ha sido actualizado por \u00faltima vez el 2021<\/p>\n","protected":false},"excerpt":{"rendered":"<p>AVISO LEGAL Como usuario,&nbsp;es importante que conozcas estos t\u00e9rminos antes de continuar tu navegaci\u00f3n. La Asociaci\u00f3n de Pymes de Bermeo como responsable de esta web, se compromete a procesar la informaci\u00f3n de mis usuarios y clientes con plenas garant\u00edas y cumplir con los requisitos nacionales y europeos que regulan la recopilaci\u00f3n y uso de los &#8230; <a title=\"Aviso legal\" class=\"read-more\" href=\"https:\/\/bermeon-berton.com\/es\/aviso-legal\/\" aria-label=\"Leer m\u00e1s sobre Aviso legal\">Leer m\u00e1s<\/a><\/p>\n","protected":false},"author":2,"featured_media":0,"parent":0,"menu_order":0,"comment_status":"closed","ping_status":"closed","template":"","meta":{"_acf_changed":false,"footnotes":""},"class_list":["post-509","page","type-page","status-publish"],"acf":[],"_links":{"self":[{"href":"https:\/\/bermeon-berton.com\/es\/wp-json\/wp\/v2\/pages\/509","targetHints":{"allow":["GET"]}}],"collection":[{"href":"https:\/\/bermeon-berton.com\/es\/wp-json\/wp\/v2\/pages"}],"about":[{"href":"https:\/\/bermeon-berton.com\/es\/wp-json\/wp\/v2\/types\/page"}],"author":[{"embeddable":true,"href":"https:\/\/bermeon-berton.com\/es\/wp-json\/wp\/v2\/users\/2"}],"replies":[{"embeddable":true,"href":"https:\/\/bermeon-berton.com\/es\/wp-json\/wp\/v2\/comments?post=509"}],"version-history":[{"count":1,"href":"https:\/\/bermeon-berton.com\/es\/wp-json\/wp\/v2\/pages\/509\/revisions"}],"predecessor-version":[{"id":1228,"href":"https:\/\/bermeon-berton.com\/es\/wp-json\/wp\/v2\/pages\/509\/revisions\/1228"}],"wp:attachment":[{"href":"https:\/\/bermeon-berton.com\/es\/wp-json\/wp\/v2\/media?parent=509"}],"curies":[{"name":"wp","href":"https:\/\/api.w.org\/{rel}","templated":true}]}}